{"id":4,"date":"2007-11-07T22:53:43","date_gmt":"2007-11-07T15:53:43","guid":{"rendered":"http:\/\/labsk.net\/wordpress\/downloads"},"modified":"2025-11-01T11:49:25","modified_gmt":"2025-11-01T09:49:25","slug":"downloads","status":"publish","type":"page","link":"https:\/\/labsk.net\/clubmartes\/downloads\/","title":{"rendered":"Descargas"},"content":{"rendered":"<blockquote><p>IMPORTANTE!!! Si no se te descargan los ficheros, habilita en tu navegador las ventanas emergentes y el contenido no seguro para est\u00e1 p\u00e1gina. Por ejemplo, si usas chrome debes ir a chrome:\/\/settings\/content\/siteDetails?site=https:\/\/labsk.net (o desde los ajustes del navegador)<\/p><\/blockquote>\n<p>Hay <strong>17 ficheros<\/strong>, con un tama\u00f1o de <strong>15,3 MiB<\/strong> con un total de <strong>33.412 descargas<\/strong> en la categoria <strong>General<\/strong>.<\/p><p>Listados <strong>1<\/strong> descargas de <strong>17<\/strong> de <strong>17<\/strong> ficheros.<\/p><h2><a href=\"http:\/\/labsk.net\/clubmartes\/downloads\/?dl_cat=1\" title=\"Ver todas las descargas en la categoria General\">General<\/a><\/h2><p><img decoding=\"async\" src=\"http:\/\/labsk.net\/clubmartes\/wp-content\/plugins\/wp-downloadmanager\/images\/drive_go.gif\" alt=\"\" title=\"\" style=\"vertical-align: middle;\" \/>&nbsp;&nbsp;<strong>3 personajes dram\u00e1ticos femeninos<\/strong><br \/><strong>&raquo; 1,2 MiB - 2.098 descargas<\/strong><br \/>3 personajes dram\u00e1ticos femeninos para \"El Club de los Martes\" en formato PDF. Por AroDeCebolla.<br \/><i>Necesitas estar registrado como usuario para poder descargar este fichero.<\/i><p><img decoding=\"async\" src=\"http:\/\/labsk.net\/clubmartes\/wp-content\/plugins\/wp-downloadmanager\/images\/drive_go.gif\" alt=\"\" title=\"\" style=\"vertical-align: middle;\" \/>&nbsp;&nbsp;<strong>ClubMartesFlyer<\/strong><br \/><strong>&raquo; 179,7 KiB - 1.340 descargas<\/strong><br \/>Si vas a hablar del juego en tu web o blog puedes usar este flyer\/banner para enlazar a esta p\u00e1gina.<br \/><i>Necesitas estar registrado como usuario para poder descargar este fichero.<\/i><p><img decoding=\"async\" src=\"http:\/\/labsk.net\/clubmartes\/wp-content\/plugins\/wp-downloadmanager\/images\/drive_go.gif\" alt=\"\" title=\"\" style=\"vertical-align: middle;\" \/>&nbsp;&nbsp;<strong>Enigma 10: El Robo del Siglo<\/strong><br \/><strong>&raquo; 1,0 MiB - 2.615 descargas<\/strong><br \/>Un robo en el South Kensington Museum de 150.000 libras esterlinas...<br \/><i>Necesitas estar registrado como usuario para poder descargar este fichero.<\/i><p><img decoding=\"async\" src=\"http:\/\/labsk.net\/clubmartes\/wp-content\/plugins\/wp-downloadmanager\/images\/drive_go.gif\" alt=\"\" title=\"\" style=\"vertical-align: middle;\" \/>&nbsp;&nbsp;<strong>Enigma 11: Felicidad Robada<\/strong><br \/><strong>&raquo; 899,6 KiB - 1.877 descargas<\/strong><br \/>Un robo con violencia que acaba en muerte y un detenido.<br \/><i>Necesitas estar registrado como usuario para poder descargar este fichero.<\/i><p><img decoding=\"async\" src=\"http:\/\/labsk.net\/clubmartes\/wp-content\/plugins\/wp-downloadmanager\/images\/drive_go.gif\" alt=\"\" title=\"\" style=\"vertical-align: middle;\" \/>&nbsp;&nbsp;<strong>Enigma 12: La Casa Embrujada<\/strong><br \/><strong>&raquo; 1,0 MiB - 2.019 descargas<\/strong><br \/>Una incre\u00edble historia de fantasmas en un edificio en Whitechapel.<br \/><i>Necesitas estar registrado como usuario para poder descargar este fichero.<\/i><p><img decoding=\"async\" src=\"http:\/\/labsk.net\/clubmartes\/wp-content\/plugins\/wp-downloadmanager\/images\/drive_go.gif\" alt=\"\" title=\"\" style=\"vertical-align: middle;\" \/>&nbsp;&nbsp;<strong>Enigma 13: La Bala Atrapada<\/strong><br \/><strong>&raquo; 963,3 KiB - 1.789 descargas<\/strong><br \/>Un truco de ilusionismo desencadena en la macabra muerte del mago... \u00bfaccidente, suicidio o asesinato?<br \/><i>Necesitas estar registrado como usuario para poder descargar este fichero.<\/i><p><img decoding=\"async\" src=\"http:\/\/labsk.net\/clubmartes\/wp-content\/plugins\/wp-downloadmanager\/images\/drive_go.gif\" alt=\"\" title=\"\" style=\"vertical-align: middle;\" \/>&nbsp;&nbsp;<strong>Enigma 14: El caso de las hermanas Connel<\/strong><br \/><strong>&raquo; 923,9 KiB - 1.753 descargas<\/strong><br \/>La extra\u00f1a muerte de dos j\u00f3venes en el puente de Londr\u00e9s...<br \/><i>Necesitas estar registrado como usuario para poder descargar este fichero.<\/i><p><img decoding=\"async\" src=\"http:\/\/labsk.net\/clubmartes\/wp-content\/plugins\/wp-downloadmanager\/images\/drive_go.gif\" alt=\"\" title=\"\" style=\"vertical-align: middle;\" \/>&nbsp;&nbsp;<strong>Enigma 15: El Fin de los Locksmith<\/strong><br \/><strong>&raquo; 2,1 MiB - 1.665 descargas<\/strong><br \/>El misterioso asesinato de una familia londinense al completo.<br \/><i>Necesitas estar registrado como usuario para poder descargar este fichero.<\/i><p><img decoding=\"async\" src=\"http:\/\/labsk.net\/clubmartes\/wp-content\/plugins\/wp-downloadmanager\/images\/drive_go.gif\" alt=\"\" title=\"\" style=\"vertical-align: middle;\" \/>&nbsp;&nbsp;<strong>Enigma 16: El caso de la tripulaci\u00f3n depravada<\/strong><br \/><strong>&raquo; 1,2 MiB - 1.689 descargas<\/strong><br \/>La violaci\u00f3n y muerte de Jennifer Franks a bordo de una lancha correo, y los cuatro tripulantes procesados.<br \/><i>Necesitas estar registrado como usuario para poder descargar este fichero.<\/i><p><img decoding=\"async\" src=\"http:\/\/labsk.net\/clubmartes\/wp-content\/plugins\/wp-downloadmanager\/images\/drive_go.gif\" alt=\"\" title=\"\" style=\"vertical-align: middle;\" \/>&nbsp;&nbsp;<strong>Enigma 17: Doble Asesinato<\/strong><br \/><strong>&raquo; 1.010,1 KiB - 1.634 descargas<\/strong><br \/>Un doble crimen sucedido en extra\u00f1as circunstancias con apenas dos d\u00edas de diferencia pone en alerta a Scotland Yard.<br \/><i>Necesitas estar registrado como usuario para poder descargar este fichero.<\/i><p><img decoding=\"async\" src=\"http:\/\/labsk.net\/clubmartes\/wp-content\/plugins\/wp-downloadmanager\/images\/drive_go.gif\" alt=\"\" title=\"\" style=\"vertical-align: middle;\" \/>&nbsp;&nbsp;<strong>Enigma 20:  Los ojos azules de la mu\u00f1eca rota<\/strong><br \/><strong>&raquo; 1,1 MiB - 1.201 descargas<\/strong><br \/>Cinco misteriosos asesinatos de j\u00f3venes bellas, rubias y con los ojos azules.<br \/><i>Necesitas estar registrado como usuario para poder descargar este fichero.<\/i><p><img decoding=\"async\" src=\"http:\/\/labsk.net\/clubmartes\/wp-content\/plugins\/wp-downloadmanager\/images\/drive_go.gif\" alt=\"Descarga: Enigma 21: Muerte en el cuarto cerrado\" title=\"Descarga: Enigma 21: Muerte en el cuarto cerrado\" style=\"vertical-align: middle;\" \/>&nbsp;&nbsp;<strong><a href=\"https:\/\/labsk.net\/clubmartes\/download\/18\/\" title=\"Descarga: Enigma 21: Muerte en el cuarto cerrado\">Enigma 21: Muerte en el cuarto cerrado<\/a>&nbsp;&nbsp;&raquo; 204,0 KiB - 5.326 descargas - s\u00e1bado, 26 de marzo de 2011<\/strong><br \/>Un caso sobre todo lo que rodea la extra\u00f1a muerte de Sir Pertinton en su cuarto cerrado.<\/p><p><img decoding=\"async\" src=\"http:\/\/labsk.net\/clubmartes\/wp-content\/plugins\/wp-downloadmanager\/images\/drive_go.gif\" alt=\"\" title=\"\" style=\"vertical-align: middle;\" \/>&nbsp;&nbsp;<strong>Enigma 6: Nido de Avispas<\/strong><br \/><strong>&raquo; 1,1 MiB - 2.223 descargas<\/strong><br \/>Un extra\u00f1o suicidio y una muerte inesperada apenas una hora despu\u00e9s; una historia de celos, venganza ... y avispas ...<br \/><i>Necesitas estar registrado como usuario para poder descargar este fichero.<\/i><p><img decoding=\"async\" src=\"http:\/\/labsk.net\/clubmartes\/wp-content\/plugins\/wp-downloadmanager\/images\/drive_go.gif\" alt=\"\" title=\"\" style=\"vertical-align: middle;\" \/>&nbsp;&nbsp;<strong>Enigma 7: El Extravagante Caso del Coronel Simmons<\/strong><br \/><strong>&raquo; 466,0 KiB - 1.848 descargas<\/strong><br \/>O como ocurre la misteriosa muerte en una habitaci\u00f3n cerrada de su extravagante ocupante...<br \/><i>Necesitas estar registrado como usuario para poder descargar este fichero.<\/i><p><img decoding=\"async\" src=\"http:\/\/labsk.net\/clubmartes\/wp-content\/plugins\/wp-downloadmanager\/images\/drive_go.gif\" alt=\"\" title=\"\" style=\"vertical-align: middle;\" \/>&nbsp;&nbsp;<strong>Enigma 8: Fiebre Tifoidea<\/strong><br \/><strong>&raquo; 1.009,9 KiB - 1.655 descargas<\/strong><br \/>La muerte por tifus end\u00e9mico de un h\u00e9roe brit\u00e1nico despierta las sospechas de Scotland Yard...<br \/><i>Necesitas estar registrado como usuario para poder descargar este fichero.<\/i><p><img decoding=\"async\" src=\"http:\/\/labsk.net\/clubmartes\/wp-content\/plugins\/wp-downloadmanager\/images\/drive_go.gif\" alt=\"\" title=\"\" style=\"vertical-align: middle;\" \/>&nbsp;&nbsp;<strong>Enigma 9: La Gran Estafa<\/strong><br \/><strong>&raquo; 1,1 MiB - 1.859 descargas<\/strong><br \/>Una cuantiosa y numerosa estafa, y 19 detenidos...<br \/><i>Necesitas estar registrado como usuario para poder descargar este fichero.<\/i><p><img decoding=\"async\" src=\"http:\/\/labsk.net\/clubmartes\/wp-content\/plugins\/wp-downloadmanager\/images\/drive_go.gif\" alt=\"\" title=\"\" style=\"vertical-align: middle;\" \/>&nbsp;&nbsp;<strong>Eugenesia<\/strong><br \/><strong>&raquo; 34,1 KiB - 821 descargas<\/strong><br \/>Una ambientaci\u00f3n en un futuro dist\u00f3pico para \"El Club de los Martes\" y un caso: \u00c1cido Desoxirribonucleico.<br \/><i>Necesitas estar registrado como usuario para poder descargar este fichero.<\/i>\n<p><strong>Nota:<\/strong> Si te descargas un fichero sin extensi\u00f3n, renombralo a .zip.<\/p>\n","protected":false},"excerpt":{"rendered":"<p>IMPORTANTE!!! Si no se te descargan los ficheros, habilita en tu navegador las ventanas emergentes y el contenido no seguro para est\u00e1 p\u00e1gina. Por ejemplo, si usas chrome debes ir a chrome:\/\/settings\/content\/siteDetails?site=https:\/\/labsk.net (o desde los ajustes del navegador) Nota: Si te descargas un fichero sin extensi\u00f3n, renombralo a .zip.<\/p>\n","protected":false},"author":1,"featured_media":0,"parent":0,"menu_order":0,"comment_status":"open","ping_status":"open","template":"","meta":{"footnotes":""},"class_list":["post-4","page","type-page","status-publish","hentry"],"_links":{"self":[{"href":"https:\/\/labsk.net\/clubmartes\/wp-json\/wp\/v2\/pages\/4","targetHints":{"allow":["GET"]}}],"collection":[{"href":"https:\/\/labsk.net\/clubmartes\/wp-json\/wp\/v2\/pages"}],"about":[{"href":"https:\/\/labsk.net\/clubmartes\/wp-json\/wp\/v2\/types\/page"}],"author":[{"embeddable":true,"href":"https:\/\/labsk.net\/clubmartes\/wp-json\/wp\/v2\/users\/1"}],"replies":[{"embeddable":true,"href":"https:\/\/labsk.net\/clubmartes\/wp-json\/wp\/v2\/comments?post=4"}],"version-history":[{"count":3,"href":"https:\/\/labsk.net\/clubmartes\/wp-json\/wp\/v2\/pages\/4\/revisions"}],"predecessor-version":[{"id":2451,"href":"https:\/\/labsk.net\/clubmartes\/wp-json\/wp\/v2\/pages\/4\/revisions\/2451"}],"wp:attachment":[{"href":"https:\/\/labsk.net\/clubmartes\/wp-json\/wp\/v2\/media?parent=4"}],"curies":[{"name":"wp","href":"https:\/\/api.w.org\/{rel}","templated":true}]}}