{"id":6,"date":"2007-11-07T22:53:32","date_gmt":"2007-11-07T15:53:32","guid":{"rendered":"http:\/\/labsk.net\/wordpress\/juego"},"modified":"2019-09-19T12:14:56","modified_gmt":"2019-09-19T10:14:56","slug":"juego","status":"publish","type":"page","link":"https:\/\/labsk.net\/clubmartes\/juego\/","title":{"rendered":"Sobre el Juego"},"content":{"rendered":"<p style=\"text-align: justify;\"><a href=\"http:\/\/labsk.net\/clubmartes\/wp-content\/uploads\/2017\/10\/banner-mockup-ecdlm.jpg\"><img decoding=\"async\" class=\"alignleft size-full wp-image-1956\" src=\"http:\/\/labsk.net\/clubmartes\/wp-content\/uploads\/2017\/10\/banner-mockup-ecdlm.jpg\" alt=\"\" width=\"460\" srcset=\"https:\/\/labsk.net\/clubmartes\/wp-content\/uploads\/2017\/10\/banner-mockup-ecdlm.jpg 956w, https:\/\/labsk.net\/clubmartes\/wp-content\/uploads\/2017\/10\/banner-mockup-ecdlm-300x146.jpg 300w, https:\/\/labsk.net\/clubmartes\/wp-content\/uploads\/2017\/10\/banner-mockup-ecdlm-768x374.jpg 768w\" sizes=\"(max-width: 956px) 100vw, 956px\" \/><\/a>\u00bfQu\u00e9 les parece si form\u00e1semos un club? \u00bfQu\u00e9 d\u00eda es hoy? \u00bfMartes? Le llamaremos el Club de los Martes. Nos reuniremos cada semana y cada uno de nosotros por turno deber\u00e1 exponer un problema o alg\u00fan misterio que cada uno conozca personalmente y del que, desde luego sepa la soluci\u00f3n. Dejadme ver cu\u00e1ntos somos. Uno, dos, tres, cuatro, cinco. En realidad, tendr\u00edamos que ser seis. (Joyce Lempri\u00e9re)<\/p>\n<p style=\"text-align: justify;\">A partir de esta conversaci\u00f3n en el relato <strong>\u00abEl Club de los Martes\u00bb<\/strong> de Agatha Christie, surgen una serie de magn\u00edficas historias policiales en las que l\u00facidos personajes rivalizan con Miss Marple, quien les da una aut\u00e9ntica lecci\u00f3n de sagacidad dilucidando con ingenio y agudeza todo tipo de misterios, por extra\u00f1os y complicados que sean.<\/p>\n<p style=\"text-align: justify;\">Este juego que tienes en tus manos es precisamente eso: un juego narrativo basado en los relatos policiales cl\u00e1sicos. Un grupo de cinco jugadores colaboran y compiten para desvelar un misterio propuesto por un sexto jugador, llamado anfitri\u00f3n, intentando emular al mism\u00edsimo Sherlock Holmes de las novelas de Arthur Conan Doyle. Anfitri\u00f3n y jugadores quedan trenzados en un enrevesado juego del gato y el rat\u00f3n, donde el primero propone un misterioso enigma y los restantes deben resolverlo devan\u00e1ndose los sesos. A lo largo de una hora de juego, pues ese es el tiempo l\u00edmite para resolverlo, se libra una intensa batalla (\u201cintelectual\u201d), donde el anfitri\u00f3n desaf\u00eda al resto de miembros del Club de los Martes a encontrar una soluci\u00f3n que, casi nunca esta cerca o al alcance de la mano. Los detectives de sill\u00f3n tendr\u00e1n que utilizar creativamente los clich\u00e9s con los que se ha definido a su personaje dram\u00e1tico y deber\u00e1n realizar las preguntas oportunas hasta dar con la soluci\u00f3n.<\/p>\n<p style=\"text-align: justify;\">Se trata por tanto de un juego que pone a prueba la perspicacia, intuici\u00f3n y sobretodo la inteligencia l\u00f3gica y deductiva de los participantes. La constante interactividad entre jugadores, la confecci\u00f3n con astucia, ingenio y creatividad de preguntas inteligentes, y el dinamismo de la intriga hacen de <strong>\u00abEl Club de los Martes\u00bb<\/strong> un juego ideal para pasar una hora de diversi\u00f3n con amigos o con la familia.<\/p>\n<p><a href=\"http:\/\/www.labsk.net\/clubmartes\/archives\/38\"><strong>\u00abEl Club de los Martes<\/strong>\u00bb son muchos juegos.<\/a><\/p>\n<hr \/>\n<h3><span style=\"color: #800000;\">LEKTU<\/span><\/h3>\n<p><a href=\"http:\/\/labsk.net\/clubmartes\/wp-content\/uploads\/2019\/09\/lektu.jpg\"><img loading=\"lazy\" decoding=\"async\" class=\"size-full wp-image-2255 aligncenter\" src=\"http:\/\/labsk.net\/clubmartes\/wp-content\/uploads\/2019\/09\/lektu.jpg\" alt=\"\" width=\"400\" height=\"213\" srcset=\"https:\/\/labsk.net\/clubmartes\/wp-content\/uploads\/2019\/09\/lektu.jpg 400w, https:\/\/labsk.net\/clubmartes\/wp-content\/uploads\/2019\/09\/lektu-300x160.jpg 300w\" sizes=\"auto, (max-width: 400px) 100vw, 400px\" \/><\/a><\/p>\n<p style=\"text-align: justify;\">En la actualidad, puedes <a href=\"https:\/\/lektu.com\/a\/jose-carlos-de-diego-guerrero\/8083\" target=\"_blank\" rel=\"noopener noreferrer\">comprar casos in\u00e9ditos para el juego escritor por su autor<\/a> (por tanto, oficiales) en lektu a un precio de 1,20\u20ac.<\/p>\n<hr \/>\n<h3 style=\"text-align: justify;\"><span style=\"color: #800000;\">ETAPA DE NOSOLOROL<\/span><\/h3>\n<p style=\"text-align: justify;\">Hasta septiembre de 2019 hab\u00eda tres playsets a la venta. Fueron editados Nosolorol y tuvieron un PVP de 30\u20ac. B\u00fascalos en tu tienda de juegos especializada, o en grandes superficies comerciales (El Corte Ingl\u00e9s, FNAC, La Casa del Libro, etc). Todav\u00eda quedan ejemplares.<\/p>\n<p><strong>El Club de los Martes: Londres Victoriano<\/strong><\/p>\n<p><a href=\"http:\/\/labsk.net\/clubmartes\/wp-content\/uploads\/2017\/10\/El-Club-de-los-Martes.jpg\"><img decoding=\"async\" class=\"size-full wp-image-1977 aligncenter\" src=\"http:\/\/labsk.net\/clubmartes\/wp-content\/uploads\/2017\/10\/El-Club-de-los-Martes.jpg\" alt=\"El Club de los Martes: Londres Victoriano\" width=\"460\" srcset=\"https:\/\/labsk.net\/clubmartes\/wp-content\/uploads\/2017\/10\/El-Club-de-los-Martes.jpg 2500w, https:\/\/labsk.net\/clubmartes\/wp-content\/uploads\/2017\/10\/El-Club-de-los-Martes-300x200.jpg 300w, https:\/\/labsk.net\/clubmartes\/wp-content\/uploads\/2017\/10\/El-Club-de-los-Martes-768x512.jpg 768w, https:\/\/labsk.net\/clubmartes\/wp-content\/uploads\/2017\/10\/El-Club-de-los-Martes-1024x683.jpg 1024w\" sizes=\"(max-width: 2500px) 100vw, 2500px\" \/><\/a><strong>BGG: <\/strong><a href=\"https:\/\/boardgamegeek.com\/boardgameversion\/320215\/third-edition\" target=\"_blank\" rel=\"noopener noreferrer\">https:\/\/boardgamegeek.com\/boardgameversion\/320215\/third-edition<\/a><\/p>\n<p><strong>El Club de los Martes: Distopia<\/strong><\/p>\n<p><a href=\"http:\/\/labsk.net\/clubmartes\/wp-content\/uploads\/2017\/10\/Distopia.jpg\"><img decoding=\"async\" class=\"size-full wp-image-1976 aligncenter\" src=\"http:\/\/labsk.net\/clubmartes\/wp-content\/uploads\/2017\/10\/Distopia.jpg\" alt=\"El Club de los Martes: Distopia\" width=\"460\" srcset=\"https:\/\/labsk.net\/clubmartes\/wp-content\/uploads\/2017\/10\/Distopia.jpg 1000w, https:\/\/labsk.net\/clubmartes\/wp-content\/uploads\/2017\/10\/Distopia-300x199.jpg 300w, https:\/\/labsk.net\/clubmartes\/wp-content\/uploads\/2017\/10\/Distopia-768x510.jpg 768w\" sizes=\"(max-width: 1000px) 100vw, 1000px\" \/><\/a><\/p>\n<p><strong>BGG:<\/strong> <a href=\"https:\/\/boardgamegeek.com\/boardgameversion\/351333\/fourth-edition\" target=\"_blank\" rel=\"noopener noreferrer\">https:\/\/boardgamegeek.com\/boardgameversion\/351333\/fourth-edition<\/a><\/p>\n<p>Y un tercer playset: <strong>El Club de los Martes: Madrid de los Austrias.<a href=\"http:\/\/labsk.net\/clubmartes\/wp-content\/uploads\/2018\/05\/MockupClubMartesAUSTRIAS.jpg\"><img decoding=\"async\" class=\"size-full wp-image-2061 aligncenter\" src=\"http:\/\/labsk.net\/clubmartes\/wp-content\/uploads\/2018\/05\/MockupClubMartesAUSTRIAS.jpg\" alt=\"\" width=\"460\" srcset=\"https:\/\/labsk.net\/clubmartes\/wp-content\/uploads\/2018\/05\/MockupClubMartesAUSTRIAS.jpg 810w, https:\/\/labsk.net\/clubmartes\/wp-content\/uploads\/2018\/05\/MockupClubMartesAUSTRIAS-300x185.jpg 300w, https:\/\/labsk.net\/clubmartes\/wp-content\/uploads\/2018\/05\/MockupClubMartesAUSTRIAS-768x474.jpg 768w\" sizes=\"(max-width: 810px) 100vw, 810px\" \/><\/a><\/strong><\/p>\n<p><strong>BGG:<\/strong> <a href=\"https:\/\/boardgamegeek.com\/boardgameversion\/438674\/fifth-edition\" target=\"_blank\" rel=\"noopener noreferrer\">https:\/\/boardgamegeek.com\/boardgameversion\/438674\/fifth-edition<\/a><\/p>\n<p style=\"text-align: justify;\"><span style=\"color: #800000;\"><strong>IMPORTANTE:<\/strong> Cada playset se puede jugar por separado y contiene las reglas completas.<\/span><\/p>\n<hr \/>\n<p style=\"text-align: justify;\">El acceso a este blog es totalmente gratuito. Sin embargo, si quieres descargarte algunos de los Enigmas liberados tendr\u00e1s que registrarte como usuario.<\/p>\n<p><strong>\u00bfC\u00f3mo acceder a m\u00e1s informaci\u00f3n sobre el juego?<\/strong><\/p>\n<ul>\n<li><a href=\"http:\/\/labsk.net\/clubmartes\/wp-login.php?action=register\" target=\"_blank\" rel=\"noopener noreferrer\">Registrarse<\/a>\u00a0(lee <a href=\"http:\/\/labsk.net\/clubmartes\/archives\/1923\" target=\"_blank\" rel=\"noopener noreferrer\">esto<\/a> antes, no uses cuentas de hotmail, msn u oulook)<\/li>\n<li><a href=\"http:\/\/labsk.net\/clubmartes\/wp-login.php\" target=\"_blank\" rel=\"noopener noreferrer\">Acceder como usuario<\/a>\u00a0(para poder acceder a las <a href=\"http:\/\/labsk.net\/clubmartes\/downloads\" target=\"_blank\" rel=\"noopener noreferrer\">descargas<\/a> con m\u00e1s enigmas GRATUITOS)<\/li>\n<li><a href=\"https:\/\/app.box.com\/s\/5rrg3c9506mt7elcr0xrxq8x4r7hdfvs\" target=\"_blank\" rel=\"noopener noreferrer\">Reglamento liberado bajo licencia CC<\/a>\u00a0(conbarba)<\/li>\n<li><a href=\"http:\/\/labsk.net\/clubmartes\/feed\" target=\"_blank\" rel=\"noopener noreferrer\">RSS de las entradas<\/a><\/li>\n<li><a href=\"http:\/\/labsk.net\/clubmartes\/comments\/feed\" target=\"_blank\" rel=\"noopener noreferrer\">RSS de los comentarios<\/a><\/li>\n<li><a href=\"http:\/\/labsk.net\/index.php?topic=141069.0\" target=\"_blank\" rel=\"noopener noreferrer\">Listado de Enigmas (ayuda de juego)<\/a><\/li>\n<li>En twitter <a href=\"https:\/\/twitter.com\/search?f=tweets&amp;vertical=default&amp;q=%23clubmartes%20from%3AWkr&amp;src=typd\" target=\"_blank\" rel=\"noopener noreferrer\">tag #clubmartes<\/a><\/li>\n<li>En twitter <a href=\"https:\/\/twitter.com\/search?f=tweets&amp;vertical=default&amp;q=%23ElClubDeLosMartes%20from%3AWkr&amp;src=typd\" target=\"_blank\" rel=\"noopener noreferrer\">tag #ElClubDeLosMartes<\/a><\/li>\n<li>P\u00e1gina de la <a href=\"http:\/\/www.nosolorol.com\">editorial Nosolorol<\/a><\/li>\n<\/ul>\n<hr \/>\n<p><span style=\"color: #993300;\"><strong>P\u00e1gina de la editorial NoSolorol:<\/strong><\/span><br \/>\n<a href=\"http:\/\/www.nosolorol.com\" target=\"_blank\" rel=\"noopener noreferrer\">http:\/\/www.nosolorol.com<\/a><\/p>\n<p><span style=\"color: #993300;\"><strong>P\u00e1gina de \u00abEl Club de los Martes\u00bb en la editorial NoSoloRol:<\/strong><\/span><br \/>\n<a href=\"http:\/\/www.nosolorol.com\/ediciones\/index.php?display=verproducto&amp;idpr=32\">http:\/\/www.nosolorol.com\/ediciones\/index.php?display=verproducto&amp;idpr=32<\/a><\/p>\n<p><span style=\"color: #993300;\"><strong>P\u00e1gina de \u00abEl Club de los Martes\u00bb en la editorial conBarba, edici\u00f3n en PDF:<\/strong><\/span><br \/>\n<del><a href=\"http:\/\/www.conbarba.es\/elclubdelosmartes\" target=\"_blank\" rel=\"noopener noreferrer\">http:\/\/www.conbarba.es\/elclubdelosmartes<br \/>\n<\/a><\/del><a href=\"https:\/\/app.box.com\/s\/5rrg3c9506mt7elcr0xrxq8x4r7hdfvs\" target=\"_blank\" rel=\"noopener noreferrer\">https:\/\/app.box.com\/s\/5rrg3c9506mt7elcr0xrxq8x4r7hdfvs<\/a><del><\/del><\/p>\n<p><span style=\"color: #993300;\"><strong>Generador de Personajes Dram\u00e1ticos:<\/strong><\/span><br \/>\n<a href=\"http:\/\/labsk.net\/clubmartes\/archives\/2015\" target=\"_blank\" rel=\"noopener noreferrer\">http:\/\/labsk.net\/clubmartes\/archives\/2015<\/a><\/p>\n","protected":false},"excerpt":{"rendered":"<p>\u00bfQu\u00e9 les parece si form\u00e1semos un club? \u00bfQu\u00e9 d\u00eda es hoy? \u00bfMartes? Le llamaremos el Club de los Martes. Nos reuniremos cada semana y cada uno de nosotros por turno deber\u00e1 exponer un problema o alg\u00fan misterio que cada uno conozca personalmente y del que, desde luego sepa la soluci\u00f3n. Dejadme ver cu\u00e1ntos somos. Uno, &hellip; <a href=\"https:\/\/labsk.net\/clubmartes\/juego\/\" class=\"more-link\">Seguir leyendo <span class=\"screen-reader-text\">Sobre el Juego<\/span> <span class=\"meta-nav\">&rarr;<\/span><\/a><\/p>\n","protected":false},"author":1,"featured_media":0,"parent":0,"menu_order":0,"comment_status":"open","ping_status":"open","template":"","meta":{"footnotes":""},"class_list":["post-6","page","type-page","status-publish","hentry"],"_links":{"self":[{"href":"https:\/\/labsk.net\/clubmartes\/wp-json\/wp\/v2\/pages\/6","targetHints":{"allow":["GET"]}}],"collection":[{"href":"https:\/\/labsk.net\/clubmartes\/wp-json\/wp\/v2\/pages"}],"about":[{"href":"https:\/\/labsk.net\/clubmartes\/wp-json\/wp\/v2\/types\/page"}],"author":[{"embeddable":true,"href":"https:\/\/labsk.net\/clubmartes\/wp-json\/wp\/v2\/users\/1"}],"replies":[{"embeddable":true,"href":"https:\/\/labsk.net\/clubmartes\/wp-json\/wp\/v2\/comments?post=6"}],"version-history":[{"count":1,"href":"https:\/\/labsk.net\/clubmartes\/wp-json\/wp\/v2\/pages\/6\/revisions"}],"predecessor-version":[{"id":2421,"href":"https:\/\/labsk.net\/clubmartes\/wp-json\/wp\/v2\/pages\/6\/revisions\/2421"}],"wp:attachment":[{"href":"https:\/\/labsk.net\/clubmartes\/wp-json\/wp\/v2\/media?parent=6"}],"curies":[{"name":"wp","href":"https:\/\/api.w.org\/{rel}","templated":true}]}}