{"id":92,"date":"2007-12-28T19:05:00","date_gmt":"2007-12-28T12:05:00","guid":{"rendered":"http:\/\/www.labsk.net\/clubmartes\/faq"},"modified":"2007-12-28T20:02:41","modified_gmt":"2007-12-28T13:02:41","slug":"faq","status":"publish","type":"page","link":"https:\/\/labsk.net\/clubmartes\/faq\/","title":{"rendered":"FAQ"},"content":{"rendered":"<p align=\"justify\">FAQ es el acr\u00f3nimo de Frequently Asked Questions (en ingles), que en espa\u00f1ol significa preguntas frecuentes. As\u00ed que en esta secci\u00f3n ire recopilando aquellas preguntas que los aficionados me vayan haciendo en relaci\u00f3n a la mec\u00e1nica de juego. Dado que no hay ejemplos de juego estas servir\u00e1n para aclarar algunos puntos de las mismas.<\/p>\n<hr \/>\n<h2><strong>PREGUNTAS<\/strong><\/h2>\n<p align=\"justify\">&nbsp;<\/p>\n<hr \/>\n<h2><strong>INTERRUPCIONES<\/strong><\/h2>\n<p align=\"justify\">&nbsp;<\/p>\n<blockquote>\n<p align=\"justify\"><font type=\"arial\">Si un jugador logra correctamente \u00abinterrumpir\u00bb a otro, \u00bfpuede intentar una deducci\u00f3n en \u00e9se momento? \u00bfpodr\u00eda volver a intentar deducir cuando fuera su turno? \u00bfpuede un jugador interrumpir a otro si ya ha hecho una pregunta ese turno?.<strong> (Moebius1)<\/strong><br \/>\n<\/font><\/p><\/blockquote>\n<p align=\"justify\">S\u00ed en los tres casos. Si alguien interrumpe formula la misma pregunta (no una nueva) pero con mayor conocimiento. Aparte de conseguir las libras apostadas por sus oponentes, obtiene el marcador de detective de inicio. Y solo si la respuesta a la pregunta formulada ha sido de \u00absi\u00bb puede intentar deducir de forma habitual.<\/p>\n<p align=\"justify\">Adem\u00e1s, ten en cuenta que en ese turno el jugador que ha interrumpido es posible que tenga opci\u00f3n de realizar una segunda pregunta, ya que el turno se prosigue por el siguiente jugador del interrumpido no del interruptor, de forma que si el interruptor esta situado, siguiendo el sentido de las agujas del reloj, m\u00e1s adelante del interrumpido podr\u00e1 formular ese turno dos preguntas: la de la interrupci\u00f3n y la suya que le corresponde. Por tanto, si, podr\u00e1 deducir dos veces (e incluso m\u00e1s si ha interrumpido en m\u00e1s de una ocasi\u00f3n) en un mismo turno (siempre y cuando las respuestas a sus preguntas sean \u00absi\u00bb).<\/p>\n<p align=\"justify\">Sobre si un jugador puede interrumpir a otro si ya ha hecho una pregunta ese turno la respuesta es si. Ten en cuenta que se pueden interrumpir interrupciones, pero solo una vez por ronda de interrupci\u00f3n. Es decir, en una misma ronda de interrupcion cada jugar solo puede interrumpir una vez (o lo que es lo mismo, una vez sea interrumpido queda fuera en esa interrupci\u00f3n).<\/p>\n<hr \/>\n<h2><strong>PISTAS<\/strong><\/h2>\n<p align=\"justify\">&nbsp;<\/p>\n<hr \/>\n<h2><strong>DEDUCCIONES<\/strong><\/h2>\n<p align=\"justify\">&nbsp;<\/p>\n<blockquote>\n<p align=\"justify\"><font type=\"arial\">Seg\u00fan tengo entendido hay un \u00abbote\u00bb de dinero y una cuenta individual de cada jugador (llamada capital): \u00bfqu\u00e9 ocurre cuando se realiza una deducci\u00f3n? seg\u00fan leo el jugador le da al bote 3 libras de su cuenta particular (capital), pero el final del p\u00e1rrafo dice que si varios jugadores hiciesen la misma deducci\u00f3n se agotar\u00eda la reserva; eso no me encaja si varios hicieran la misma deduccion (incorrecta obviamente) la reserva se llenar\u00eda no se vaciar\u00eda, adem\u00e1s si hacer una deducci\u00f3n no le aporta nada al jugador, porque motivo hacer una deducci\u00f3n id\u00e9ntica a una anterior? por favor explic\u00e1dmelo. <strong>(Moebius1)<\/strong><br \/>\n<\/font><\/p><\/blockquote>\n<p align=\"justify\">Es as\u00ed, cada jugador comienza la reuni\u00f3n con 15 libras, para deducir tienen que ocurrir dos cosas: primero que haya formulado una pregunta y la respuesta haya sido si (con un coste de 1 libra) y luego haya realizado una deducci\u00f3n (con un coste adicional de 3 libras). Efectivamente, nunca se agotar\u00e1 el bote (salvo que se juegue muy deprisa y haya muchas deducciones incorrectas con refutaciones n\u00famerosas correctas, que son las dos \u00fanicas cosas con las que puede haber d\u00e9ficit). Las libras que se gastan tanto en las preguntas como en las deducciones pasan al bote. Y el anfitri\u00f3n tiene su propio capital y va recuperando una por turno (y todas las libras de las pistas que hagan los detectives de sill\u00f3n).<\/p>\n<p align=\"justify\">&#8211;<\/p>\n<p align=\"justify\">&nbsp;<\/p>\n<blockquote>\n<p align=\"justify\"><font type=\"arial\">Si los jugadores realizan todos una deducci\u00f3n en una ronda (sin que pase ninguno de hacerla) y fallan todos en lo mismo se considera caso no resuelto, \u00bfes as\u00ed?. <strong>(Moebius1)<\/strong><\/font><\/p>\n<\/blockquote>\n<p align=\"justify\">No, no tiene nada que ver. Se seguir\u00eda jugando. Lo que quer\u00eda decir es que si se aciertan 4 elementos fundamentales ya no se puede refutar, pero si deducir. Son cosas diferentes. Solo se acaba la partida si en la ronda de preguntas todos pasan consecutivamente. Nadie esta obligado a deducir y ni siquiera es obligatorio pedir pista en la ronda de pistas.<\/p>\n<p>Otra forma es que todos los jugadores se queden sin dinero (cosa poco probable) a no ser que se juegue con handicap.<\/p>\n","protected":false},"excerpt":{"rendered":"<p>FAQ es el acr\u00f3nimo de Frequently Asked Questions (en ingles), que en espa\u00f1ol significa preguntas frecuentes. As\u00ed que en esta secci\u00f3n ire recopilando aquellas preguntas que los aficionados me vayan haciendo en relaci\u00f3n a la mec\u00e1nica de juego. Dado que no hay ejemplos de juego estas servir\u00e1n para aclarar algunos puntos de las mismas. PREGUNTAS &hellip; <a href=\"https:\/\/labsk.net\/clubmartes\/faq\/\" class=\"more-link\">Seguir leyendo <span class=\"screen-reader-text\">FAQ<\/span> <span class=\"meta-nav\">&rarr;<\/span><\/a><\/p>\n","protected":false},"author":1,"featured_media":0,"parent":0,"menu_order":0,"comment_status":"open","ping_status":"open","template":"","meta":{"footnotes":""},"class_list":["post-92","page","type-page","status-publish","hentry"],"_links":{"self":[{"href":"https:\/\/labsk.net\/clubmartes\/wp-json\/wp\/v2\/pages\/92","targetHints":{"allow":["GET"]}}],"collection":[{"href":"https:\/\/labsk.net\/clubmartes\/wp-json\/wp\/v2\/pages"}],"about":[{"href":"https:\/\/labsk.net\/clubmartes\/wp-json\/wp\/v2\/types\/page"}],"author":[{"embeddable":true,"href":"https:\/\/labsk.net\/clubmartes\/wp-json\/wp\/v2\/users\/1"}],"replies":[{"embeddable":true,"href":"https:\/\/labsk.net\/clubmartes\/wp-json\/wp\/v2\/comments?post=92"}],"version-history":[{"count":0,"href":"https:\/\/labsk.net\/clubmartes\/wp-json\/wp\/v2\/pages\/92\/revisions"}],"wp:attachment":[{"href":"https:\/\/labsk.net\/clubmartes\/wp-json\/wp\/v2\/media?parent=92"}],"curies":[{"name":"wp","href":"https:\/\/api.w.org\/{rel}","templated":true}]}}