{"id":2,"date":"2009-01-23T10:31:51","date_gmt":"2009-01-23T09:31:51","guid":{"rendered":"http:\/\/www.labsk.net\/wkr\/archives\/2"},"modified":"2025-07-31T09:32:04","modified_gmt":"2025-07-31T08:32:04","slug":"blog","status":"publish","type":"page","link":"https:\/\/labsk.net\/wkr\/blog\/","title":{"rendered":"Sobre el blog"},"content":{"rendered":"\n<p class=\"justify-text\"><strong>Diario de WKR:<\/strong> Blog dedicado principalmente a los Juegos de Mesa y el universo que los rodea, as\u00ed como mis proyectos l\u00fadicos; aunque en ocasiones tambi\u00e9n hablar\u00e9 de mis otras aficiones, como los puzzles y rompecabezas, juegos de ingenio y matem\u00e1ticas recreativas, los videojuegos, los recortables de papel o los juegos de rol.<\/p>\n\n\n\n<p class=\"justify-text\"><strong>Suscripci\u00f3n.<\/strong> Si quieres estar al tanto de las novedades del blog y que no se te pase ninguna entrada, mi recomendaci\u00f3n es que te suscribas a trav\u00e9s de <a href=\"https:\/\/labsk.net\/wkr\/feed\/\">feed<\/a> (contenido sindicado en <a href=\"http:\/\/feeds.feedburner.com\/DiarioDeWkr\" target=\"_blank\" rel=\"noopener\">feedburner<\/a>) o por <a href=\"https:\/\/feedburner.google.com\/fb\/a\/mailverify?uri=DiarioDeWkr\" target=\"_blank\" rel=\"noopener\">email<\/a>. Otras alternativas son <a href=\"https:\/\/www.feedblitz.com\/\" target=\"_blank\" rel=\"noopener\">feedblitz<\/a>, <a href=\"https:\/\/follow.it\" target=\"_blank\" rel=\"noopener\">follow.it<\/a>, o <a href=\"https:\/\/feedpress.com\/\" target=\"_blank\" rel=\"noopener\">feedpress<\/a> (todas permiten suscripci\u00f3n al feed). La otra opci\u00f3n es que <a href=\"https:\/\/twitter.com\/Wkr\" target=\"_blank\" rel=\"noopener\">me sigas por twitter @Wkr<\/a>. Las nuevas entradas las suelo etiquetar en esa red social como <a href=\"https:\/\/twitter.com\/search?q=%23diariodewkr%20from%3AWkr&amp;src=typed_query&amp;f=live\" target=\"_blank\" rel=\"noopener\">#diariodewkr<\/a>. Es gratis y c\u00f3modo.<\/p>\n\n\n\n<p><b><div class=\"sfsi_plus_subscribe_Popinner\">\n\t\t<form method=\"post\" onsubmit=\"return sfsi_plus_processfurther(this);\" target=\"popupwindow\" action=\"https:\/\/api.follow.it\/subscription-form\/bXFVRGJrZ3hWUStiTEZFdENyUFQ5S1BhaUZTWjZmTzkrWGVGQ3FXdXdFQmpramRzZFBTVkF0RldGT2Q1UitXYWhLZ2d3QUR1YmVOaUtKMTJPejZJeElIaklUVU5aV2N5V1hLQ0lVMS8zY0VMa2dPaXQ1amVkb2dST2daQ3hTYnd8Q0xkQ0J1WlZxTGR3OE82LzlZcUd4WE9uUXdPa0tMNmw1b2h2MVl4UG9RZz0=\/8\/\">\n\t\t\t<h5>Obt\u00e9n nuevos art\u00edculos por email:<\/h5>\n\t\t\t<div class=\"sfsi_plus_subscription_form_field\">\n\t\t\t\t<input type=\"hidden\" name=\"action\" value=\"followPub\">\n\t\t\t\t<input type=\"email\" name=\"email\" value=\"\" placeholder=\"Introduce un email v\u00e1lido\" \/>\n\t\t\t<\/div>\n\t\t\t<div class=\"sfsi_plus_subscription_form_field\">\n\t\t\t\t<input type=\"submit\" name=\"subscribe\" value=\"Subscribirme\" \/>\n\t\t\t<\/div>\n\t\t<\/form>\n\t<\/div><\/b><\/p>\n\n\n\n<p class=\"justify-text\"><strong>Pol\u00edtica sobre las rese\u00f1as:<\/strong> Las rese\u00f1as en este blog normalmente son de juegos de mesa siendo esa la tem\u00e1tica principal del blog, aunque no despreci\u00f3 ning\u00fan titulo, tem\u00e1tica o mec\u00e1nica, y es muy posible que encontr\u00e9is informaci\u00f3n y\/o rese\u00f1as de otras cosas afines a mis gustos personales. En el blog rese\u00f1o, critico o realizo con frecuencias an\u00e1lisis pormenorizados bas\u00e1ndome \u00fanica y exclusivamente en MI opini\u00f3n, una opini\u00f3n que es personal y en ning\u00fan momento intenta da\u00f1ar a ning\u00fan juego ni autor; puede coincidir con los gustos de la multitud, o no, pero siempre ser\u00e1 mi opini\u00f3n exclusivamente: para gustos, los colores. Si quieres que rese\u00f1e tu juego u otra cosa relacionada con las tem\u00e1ticas que trato en el blog puedes ponerte en contacto conmigo v\u00eda email. Se publicar\u00e1 simult\u00e1neamente en <a href=\"http:\/\/labsk.net\/index.php?action=stats\">labsk<\/a> con un p\u00fablico objetivo, y adem\u00e1s especializado, de <strong>m\u00e1s de 38.000 usuarios<\/strong>. Lo \u00fanico que pido como compensaci\u00f3n es una copia de cortes\u00eda, que por supuesto, no influir\u00e1 en mi opini\u00f3n y no devolver\u00e9 una vez realizada la rese\u00f1a.<\/p>\n\n\n\n<p class=\"justify-text\"><strong>Pol\u00edtica sobre la licencia CC&nbsp;<\/strong><a href=\"http:\/\/creativecommons.org\/licenses\/by-sa\/3.0\/es\/\" target=\"_blank\" rel=\"noopener noreferrer\">Reconocimiento-CompartirIgual 3.0 Espa\u00f1a (CC BY-SA 3.0 ES)<\/a>.&nbsp;Se permite la copia textual, la traducci\u00f3n y la distribuci\u00f3n de cualquier&nbsp;art\u00edculo de este blog entero en cualquier medio, a condici\u00f3n de que este aviso sea conservado. Se permite la cita. El autor no reclamar\u00e1 ninguna cantidad por el ejercicio de las dos autorizaciones anteriores. No autorizo a ninguna Entidad de Derechos de Autor a reclamar cantidad alguna en mi nombre.<\/p>\n\n\n<div class=\"wp-block-image\">\n<figure class=\"aligncenter\"><img decoding=\"async\" src=\"http:\/\/i.imgur.com\/0gBeHJ0.gif\" alt=\"No AEDE\"\/><\/figure>\n<\/div>","protected":false},"excerpt":{"rendered":"<p>Diario de WKR: Blog dedicado principalmente a los Juegos de Mesa y el universo que los rodea, as\u00ed como mis proyectos l\u00fadicos; aunque en ocasiones [&hellip;]<\/p>\n","protected":false},"author":1,"featured_media":17095,"parent":0,"menu_order":0,"comment_status":"closed","ping_status":"closed","template":"","meta":{"sfsi_plus_gutenberg_text_before_share":"","sfsi_plus_gutenberg_show_text_before_share":"","sfsi_plus_gutenberg_icon_type":"","sfsi_plus_gutenberg_icon_alignemt":"","sfsi_plus_gutenburg_max_per_row":"","footnotes":""},"class_list":["post-2","page","type-page","status-publish","has-post-thumbnail","hentry"],"_links":{"self":[{"href":"https:\/\/labsk.net\/wkr\/wp-json\/wp\/v2\/pages\/2","targetHints":{"allow":["GET"]}}],"collection":[{"href":"https:\/\/labsk.net\/wkr\/wp-json\/wp\/v2\/pages"}],"about":[{"href":"https:\/\/labsk.net\/wkr\/wp-json\/wp\/v2\/types\/page"}],"author":[{"embeddable":true,"href":"https:\/\/labsk.net\/wkr\/wp-json\/wp\/v2\/users\/1"}],"replies":[{"embeddable":true,"href":"https:\/\/labsk.net\/wkr\/wp-json\/wp\/v2\/comments?post=2"}],"version-history":[{"count":8,"href":"https:\/\/labsk.net\/wkr\/wp-json\/wp\/v2\/pages\/2\/revisions"}],"predecessor-version":[{"id":21467,"href":"https:\/\/labsk.net\/wkr\/wp-json\/wp\/v2\/pages\/2\/revisions\/21467"}],"wp:featuredmedia":[{"embeddable":true,"href":"https:\/\/labsk.net\/wkr\/wp-json\/wp\/v2\/media\/17095"}],"wp:attachment":[{"href":"https:\/\/labsk.net\/wkr\/wp-json\/wp\/v2\/media?parent=2"}],"curies":[{"name":"wp","href":"https:\/\/api.w.org\/{rel}","templated":true}]}}