{"id":20059,"date":"2019-05-15T14:31:21","date_gmt":"2019-05-15T13:31:21","guid":{"rendered":"http:\/\/labsk.net\/wkr\/?page_id=20059"},"modified":"2025-07-30T07:53:41","modified_gmt":"2025-07-30T06:53:41","slug":"gb","status":"publish","type":"page","link":"https:\/\/labsk.net\/wkr\/mis-juegos-2\/gb\/","title":{"rendered":"GameBoy"},"content":{"rendered":"\n<p class=\"justify-text\"><\/p>\n\n\n\n<figure class=\"wp-block-image is-resized\"><img loading=\"lazy\" decoding=\"async\" width=\"160\" height=\"144\" src=\"https:\/\/labsk.net\/wkr\/wp-content\/uploads\/2019\/05\/titlescreen.png\" alt=\"\" class=\"wp-image-20066\" style=\"width:320px;height:292px\"\/><figcaption class=\"wp-element-caption\">Mystery Kingdom<\/figcaption><\/figure>\n\n\n\n<p class=\"justify-text\">Llevaba tiempo queriendo hacer alg\u00fan juego para <a rel=\"noreferrer noopener\" aria-label=\"GameBoy (abre en una nueva pesta\u00f1a)\" href=\"https:\/\/es.wikipedia.org\/wiki\/Game_Boy\" target=\"_blank\">GameBoy<\/a>. Coincidiendo con el <a rel=\"noreferrer noopener\" aria-label=\"30\u00ba Aniversario de la salida de la consola en Jap\u00f3n (abre en una nueva pesta\u00f1a)\" href=\"https:\/\/www.vidaextra.com\/juegos-retro\/legendaria-game-boy-esta-celebracion-motivo-su-30-aniversario\" target=\"_blank\">30\u00ba Aniversario de la salida de la consola en Jap\u00f3n<\/a>, <a href=\"https:\/\/www.chrismaltby.com\/\">Chris Maltby<\/a> liber\u00f3 su <a rel=\"noreferrer noopener\" aria-label=\"GB Studio (abre en una nueva pesta\u00f1a)\" href=\"https:\/\/www.gbstudio.dev\/\" target=\"_blank\">GB Studio<\/a>, as\u00ed que me propuse hacer algo como aprendizaje y por simple divertimento.<\/p>\n\n\n\n<p class=\"justify-text\">Los <strong>gr\u00e1ficos <\/strong>han sido creados con <a rel=\"noreferrer noopener\" aria-label=\"Aseprite (abre en una nueva pesta\u00f1a)\" href=\"https:\/\/www.aseprite.org\/\" target=\"_blank\">Aseprite<\/a> y Photoshop. Como muestra he tomado prestados algunos del Pok\u00e9mon, Dragon Quest, Zelda y algunos los he hecho de cero partiendo de microbadges. Algunos otros ven\u00edan en el template por defecto de <a rel=\"noreferrer noopener\" aria-label=\"@maltby (abre en una nueva pesta\u00f1a)\" href=\"https:\/\/twitter.com\/maltby\" target=\"_blank\">@maltby<\/a> o en su juego demo <a rel=\"noreferrer noopener\" aria-label=\"Untitled GB Game (abre en una nueva pesta\u00f1a)\" href=\"https:\/\/chrismaltby.itch.io\/untitled-gb-game\" target=\"_blank\">Untitled GB Game<\/a>. El pixel art es todo arte, nunca mejor dicho; y m\u00e1s teniendo en cuenta que un gr\u00e1fico est\u00e1tico tiene que tener 16x16px. Para las animaciones y los fondos, lo mismo. En particular, para los backgrounds me ha sido especialmente \u00fatil <a rel=\"noreferrer noopener\" aria-label=\"RBMap (abre en una nueva pesta\u00f1a)\" href=\"https:\/\/github.com\/huderlem\/RBMap\" target=\"_blank\">RBMap<\/a>, el editor de mapas de Pok\u00e9mon rojo\/azul.<\/p>\n\n\n\n<p class=\"justify-text\">La <strong>m\u00fasica chiptune<\/strong> ha sido lo que m\u00e1s me ha costado con diferencia. A pesar de que al GB Studio se le puede poner m\u00fasica en formato mod, la gameBoy solo admite 4 canales y muchos instrumentos me sonaban raros o petardeaban demasiado. Tome prestados dos mods de <a rel=\"noreferrer noopener\" aria-label=\"Mod Archive (abre en una nueva pesta\u00f1a)\" href=\"https:\/\/modarchive.org\/\" target=\"_blank\">Mod Archive<\/a> y los modifiqu\u00e9 convenientemente: <a rel=\"noreferrer noopener\" aria-label=\"modern classic (abre en una nueva pesta\u00f1a)\" href=\"https:\/\/modarchive.org\/index.php?request=view_by_moduleid&amp;query=100691\" target=\"_blank\">modern classic<\/a> y <a rel=\"noreferrer noopener\" aria-label=\"diamant (abre en una nueva pesta\u00f1a)\" href=\"https:\/\/modarchive.org\/index.php?request=view_by_moduleid&amp;query=38247\" target=\"_blank\">diamant<\/a>. Si alg\u00fan m\u00fasico chiptune quiere cederme desinteresadamente alguna banda sonora, yo encantado. Para modificar patterns, cambiar samples y eliminar canales he usado <a href=\"https:\/\/openmpt.org\/\" target=\"_blank\" rel=\"noreferrer noopener\" aria-label=\"OpenMPT (abre en una nueva pesta\u00f1a)\">OpenMPT<\/a>.<\/p>\n\n\n\n<p class=\"justify-text\">La <strong>programaci\u00f3n <\/strong>mediante un sencillo sistema de <strong><a rel=\"noreferrer noopener\" aria-label=\"scripting de eventos (abre en una nueva pesta\u00f1a)\" href=\"https:\/\/www.gbstudio.dev\/docs\/scripting\/\" target=\"_blank\">scripting de eventos<\/a><\/strong> (tan sencillo que he echado en falta algunas cosas) tambi\u00e9n corre por mi parte. Muy c\u00f3modo y muy intuitivo. Realmente, cumple lo que promete.<\/p>\n\n\n\n<p class=\"justify-text\">Toda la <strong>historia y los puzles<\/strong> son de mi cosecha. Quer\u00eda hacer una \u00abespecie de\u00bb <a rel=\"noreferrer noopener\" aria-label=\"El Club de los Martes (abre en una nueva pesta\u00f1a)\" href=\"http:\/\/clubmartes.labks.net\" target=\"_blank\">El Club de los Martes<\/a> para gameBoy y esto es lo que he perpetrado. Hay que resolver un misterio en el juego. Te lo encomendar\u00e1 el rey, y tu primer objetivo es conseguir llegar hasta \u00e9l. Para ello, tienes que ayudar a la gente del reino para adquirir experiencia (PX) y monedas de oro. Una vez sepas el Enigma a resolver, hay que dialogar mucho y buscar suficientes pistas para deducir quien es el culpable. Adem\u00e1s, ver\u00e9is muchos gui\u00f1os a cl\u00e1sicos de la gameBoy. No quiero hacer ning\u00fan spoiler, ya ir\u00e9is vi\u00e9ndolo.<\/p>\n\n\n\n<p><strong>FEEDBACK:<\/strong><\/p>\n\n\n\n<p class=\"justify-text\">Todo <a href=\"https:\/\/labsk.net\/wkr\/autor\/\" target=\"_blank\" rel=\"noreferrer noopener\" aria-label=\"feedback  (abre en una nueva pesta\u00f1a)\">feedback <\/a>es bienvenido. El juego no ha sido testeado lo suficiente, as\u00ed que es posible que haya bugs, si encuentras alguno d\u00e9jame un comentario. Ir\u00e9 subiendo versiones actualizadas.<\/p>\n\n\n\n<p class=\"has-pale-ocean-gradient-background has-background\"><strong>VERSI\u00d3N PARA GAMEBOY:<\/strong><br>Rom #wip liberada en itch.io:<br><a href=\"https:\/\/waikiki.itch.io\/mystery-kingdom-gb\">https:\/\/waikiki.itch.io\/mystery<\/a><a href=\"https:\/\/waikiki.itch.io\/mystery-kingdom-gb\" target=\"_blank\" rel=\"noreferrer noopener\">&#8211;<\/a><a href=\"https:\/\/waikiki.itch.io\/mystery-kingdom-gb\">kingdom-gb<\/a><\/p>\n\n\n\n<p><strong>CONTROL DE VERSIONES:<\/strong><\/p>\n\n\n\n<p><em>El perro de la aldea te dir\u00e1 que versi\u00f3n es.<\/em><br>\u00daltima: 1.08g<br><strong>Lee txt dentro del zip.<\/strong><\/p>\n\n\n\n<p><strong>CONTROLES:<\/strong><\/p>\n\n\n\n<p><strong>Arriba<\/strong>&nbsp;&#8211; Flecha arriba \/ W<br><strong>Abajo<\/strong>&nbsp;&#8211; Flecha abajo \/ S<br><strong>Izquierda<\/strong>&nbsp;&#8211; Flecha izquierda \/ A<br><strong>Derecha<\/strong>&nbsp;&#8211; Flecha derecha \/ D<br><strong>A<\/strong>&nbsp;&#8211; Alt \/ Z \/ J<br><strong>B<\/strong>&nbsp;&#8211; Ctrl \/ K \/ X<br><strong>Start<\/strong>&nbsp;&#8211; Enter<br><strong>Select<\/strong>&nbsp;&#8211; Shift <\/p>\n\n\n\n<p>Sin m\u00e1s pre\u00e1mbulos, os dejo con mi juego <strong>Mystery Kingdom<\/strong> <strong>GB:<\/strong><br>(si no te funciona, pincha en la imagen de abajo para activar los controles)<br>(si no lo ves, revisa los bloqueadores de anuncios)<\/p>\n","protected":false},"excerpt":{"rendered":"<p>Llevaba tiempo queriendo hacer alg\u00fan juego para GameBoy. Coincidiendo con el 30\u00ba Aniversario de la salida de la consola en Jap\u00f3n, Chris Maltby liber\u00f3 su [&hellip;]<\/p>\n","protected":false},"author":1,"featured_media":0,"parent":20069,"menu_order":3,"comment_status":"closed","ping_status":"closed","template":"","meta":{"sfsi_plus_gutenberg_text_before_share":"","sfsi_plus_gutenberg_show_text_before_share":"","sfsi_plus_gutenberg_icon_type":"","sfsi_plus_gutenberg_icon_alignemt":"","sfsi_plus_gutenburg_max_per_row":"","footnotes":""},"class_list":["post-20059","page","type-page","status-publish","hentry"],"_links":{"self":[{"href":"https:\/\/labsk.net\/wkr\/wp-json\/wp\/v2\/pages\/20059","targetHints":{"allow":["GET"]}}],"collection":[{"href":"https:\/\/labsk.net\/wkr\/wp-json\/wp\/v2\/pages"}],"about":[{"href":"https:\/\/labsk.net\/wkr\/wp-json\/wp\/v2\/types\/page"}],"author":[{"embeddable":true,"href":"https:\/\/labsk.net\/wkr\/wp-json\/wp\/v2\/users\/1"}],"replies":[{"embeddable":true,"href":"https:\/\/labsk.net\/wkr\/wp-json\/wp\/v2\/comments?post=20059"}],"version-history":[{"count":35,"href":"https:\/\/labsk.net\/wkr\/wp-json\/wp\/v2\/pages\/20059\/revisions"}],"predecessor-version":[{"id":21438,"href":"https:\/\/labsk.net\/wkr\/wp-json\/wp\/v2\/pages\/20059\/revisions\/21438"}],"up":[{"embeddable":true,"href":"https:\/\/labsk.net\/wkr\/wp-json\/wp\/v2\/pages\/20069"}],"wp:attachment":[{"href":"https:\/\/labsk.net\/wkr\/wp-json\/wp\/v2\/media?parent=20059"}],"curies":[{"name":"wp","href":"https:\/\/api.w.org\/{rel}","templated":true}]}}