{"id":21143,"date":"2022-10-06T15:09:44","date_gmt":"2022-10-06T14:09:44","guid":{"rendered":"https:\/\/labsk.net\/wkr\/?page_id=21143"},"modified":"2025-07-30T07:50:45","modified_gmt":"2025-07-30T06:50:45","slug":"el-club-de-los-martes","status":"publish","type":"page","link":"https:\/\/labsk.net\/wkr\/mis-juegos-2\/el-club-de-los-martes\/","title":{"rendered":"El Club de los Martes"},"content":{"rendered":"\n<figure class=\"wp-block-gallery has-nested-images columns-default is-cropped wp-block-gallery-1 is-layout-flex wp-block-gallery-is-layout-flex\">\n<figure class=\"wp-block-image\"><img loading=\"lazy\" decoding=\"async\" width=\"600\" height=\"364\" data-id=\"18229\" src=\"https:\/\/labsk.net\/wkr\/wp-content\/uploads\/2015\/09\/clubmartes.jpg\" alt=\"\" class=\"wp-image-18229\" srcset=\"https:\/\/labsk.net\/wkr\/wp-content\/uploads\/2015\/09\/clubmartes.jpg 600w, https:\/\/labsk.net\/wkr\/wp-content\/uploads\/2015\/09\/clubmartes-300x182.jpg 300w\" sizes=\"auto, (max-width: 600px) 100vw, 600px\" \/><\/figure>\n<\/figure>\n\n\n\n<blockquote class=\"wp-block-quote justify-text has-vivid-cyan-blue-color has-text-color is-layout-flow wp-block-quote-is-layout-flow\">\n<p>\u00bfQu\u00e9 les parece si form\u00e1semos un club? \u00bfQu\u00e9 d\u00eda es hoy? \u00bfMartes? Le llamaremos el Club de los Martes. Nos reuniremos cada semana y cada uno de nosotros por turno deber\u00e1 exponer un problema o alg\u00fan misterio que cada uno conozca personalmente y del que, desde luego sepa la soluci\u00f3n. Dejadme ver cu\u00e1ntos somos. Uno, dos, tres, cuatro, cinco. En realidad, tendr\u00edamos que ser seis. <\/p>\n<cite>(Joyce Lempri\u00e9re)<\/cite><\/blockquote>\n\n\n\n<p class=\"justify-text\">A partir de esta conversaci\u00f3n en el relato <strong>\u00ab<a href=\"http:\/\/labsk.net\/clubmartes\" target=\"_blank\" rel=\"noreferrer noopener\">El Club de los Martes<\/a>\u00ab<\/strong> de Agatha Christie, surgen una serie de magn\u00edficas historias policiales en las que l\u00facidos personajes rivalizan con Miss Marple, quien les da una aut\u00e9ntica lecci\u00f3n de sagacidad dilucidando con ingenio y agudeza todo tipo de misterios, por extra\u00f1os y complicados que sean.<\/p>\n\n\n\n<p class=\"justify-text\">Este juego que tienes en tus manos es precisamente eso: un juego narrativo basado en los relatos policiales cl\u00e1sicos. Un grupo de cinco jugadores colaboran y compiten para desvelar un misterio propuesto por un sexto jugador, llamado anfitri\u00f3n, intentando emular al mism\u00edsimo Sherlock Holmes de las novelas de Arthur Conan Doyle. Anfitri\u00f3n y jugadores quedan trenzados en un enrevesado juego del gato y el rat\u00f3n, donde el primero propone un misterioso enigma y los restantes deben resolverlo devan\u00e1ndose los sesos. A lo largo de una hora de juego, pues ese es el tiempo l\u00edmite para resolverlo, se libra una intensa batalla (\u201cintelectual\u201d), donde el anfitri\u00f3n desaf\u00eda al resto de miembros del Club de los Martes a encontrar una soluci\u00f3n que, casi nunca esta cerca o al alcance de la mano. Los detectives de sill\u00f3n tendr\u00e1n que utilizar creativamente los clich\u00e9s con los que se ha definido a su personaje dram\u00e1tico y deber\u00e1n realizar las preguntas oportunas hasta dar con la soluci\u00f3n.<\/p>\n\n\n\n<p class=\"justify-text\">Se trata por tanto de un juego que pone a prueba la perspicacia, intuici\u00f3n y sobretodo la inteligencia l\u00f3gica y deductiva de los participantes. La constante interactividad entre jugadores, la confecci\u00f3n con astucia, ingenio y creatividad de preguntas inteligentes, y el dinamismo de la intriga hacen de <strong>\u00abEl Club de los Martes\u00bb<\/strong> un juego ideal para pasar una hora de diversi\u00f3n con amigos o con la familia.<\/p>\n\n\n\n<p><a href=\"http:\/\/www.labsk.net\/clubmartes\/archives\/38\"><strong>\u00abEl Club de los Martes<\/strong>\u00bb son muchos juegos.<\/a><\/p>\n\n\n\n<p><strong>M\u00e1s informaci\u00f3n en su p\u00e1gina oficial:<\/strong> <a rel=\"noreferrer noopener\" href=\"http:\/\/labsk.net\/clubmartes\" target=\"_blank\">http:\/\/labsk.net\/clubmartes<\/a><br>(Reglas y casos gratuitos, art\u00edculos y mucho m\u00e1s)<\/p>\n\n\n\n<p class=\"has-background\" style=\"background:linear-gradient(135deg,rgb(254,205,165) 0%,rgb(254,45,45) 28%,rgb(233,68,68) 79%,rgb(107,0,62) 100%)\"><strong>Tras el cierre de Lektu, ahora mismo no se pueden descargar m\u00e1s casos in\u00e9ditos.<\/strong><\/p>\n\n\n\n<p><\/p>\n","protected":false},"excerpt":{"rendered":"<p>\u00bfQu\u00e9 les parece si form\u00e1semos un club? \u00bfQu\u00e9 d\u00eda es hoy? \u00bfMartes? Le llamaremos el Club de los Martes. Nos reuniremos cada semana y cada [&hellip;]<\/p>\n","protected":false},"author":1,"featured_media":0,"parent":20069,"menu_order":2,"comment_status":"closed","ping_status":"closed","template":"","meta":{"sfsi_plus_gutenberg_text_before_share":"","sfsi_plus_gutenberg_show_text_before_share":"","sfsi_plus_gutenberg_icon_type":"","sfsi_plus_gutenberg_icon_alignemt":"","sfsi_plus_gutenburg_max_per_row":"","footnotes":""},"class_list":["post-21143","page","type-page","status-publish","hentry"],"_links":{"self":[{"href":"https:\/\/labsk.net\/wkr\/wp-json\/wp\/v2\/pages\/21143","targetHints":{"allow":["GET"]}}],"collection":[{"href":"https:\/\/labsk.net\/wkr\/wp-json\/wp\/v2\/pages"}],"about":[{"href":"https:\/\/labsk.net\/wkr\/wp-json\/wp\/v2\/types\/page"}],"author":[{"embeddable":true,"href":"https:\/\/labsk.net\/wkr\/wp-json\/wp\/v2\/users\/1"}],"replies":[{"embeddable":true,"href":"https:\/\/labsk.net\/wkr\/wp-json\/wp\/v2\/comments?post=21143"}],"version-history":[{"count":6,"href":"https:\/\/labsk.net\/wkr\/wp-json\/wp\/v2\/pages\/21143\/revisions"}],"predecessor-version":[{"id":21437,"href":"https:\/\/labsk.net\/wkr\/wp-json\/wp\/v2\/pages\/21143\/revisions\/21437"}],"up":[{"embeddable":true,"href":"https:\/\/labsk.net\/wkr\/wp-json\/wp\/v2\/pages\/20069"}],"wp:attachment":[{"href":"https:\/\/labsk.net\/wkr\/wp-json\/wp\/v2\/media?parent=21143"}],"curies":[{"name":"wp","href":"https:\/\/api.w.org\/{rel}","templated":true}]}}